{"id":189,"date":"2013-02-03T18:41:16","date_gmt":"2013-02-03T17:41:16","guid":{"rendered":"http:\/\/katiescakes.de\/?page_id=189"},"modified":"2021-11-02T20:11:46","modified_gmt":"2021-11-02T19:11:46","slug":"workshop","status":"publish","type":"page","link":"http:\/\/katiescakes.de\/?page_id=189","title":{"rendered":"Workshop"},"content":{"rendered":"<p>Katie&#8217;s Cakes veranstaltet auf das jeweilige Alter abgestimmte Backkurse f\u00fcr Kinder von drei bis 15 Jahren. Ich bin staatlich anerkannte Erzieherin und habe viel Spa\u00df an der Arbeit mit Kindern.<br \/>\nW\u00e4rend des Kurses wird bei fr\u00f6hlicher Musik ganz individuell in kleinen Gruppen gebacken und gestaltet. Die von den Kindern gebackenen Sachen d\u00fcrfen nat\u00fcrlich gerne mit nach Hause genommen werden.<\/p>\n<p>Sie wollem Ihrem Spr\u00f6ssling eine besondere Freude machen?<br \/>\nWie w\u00e4re es mit einem privaten Backkurs z.B. zum Geburtstag?<br \/>\nBackkurse sind individuell zu buchen ab einer Personenanzahl von <strong>f\u00fcnf Personen<\/strong>.<\/p>\n<p>&nbsp;<\/p>\n<p>Bei Interesse schicken Sie mir doch bitte eine e-Mail an folgende Adresse schicken: <em><strong>k<\/strong><\/em><strong><em>atiescakes@web.de<\/em><\/strong><\/p>\n<p>&nbsp;<\/p>\n<p><span style=\"text-decoration: underline;\">Folgende Workshops sind f\u00fcr Kinder zwischen 3 und 15 Jahre.<\/span><\/p>\n<p><strong><em>Cupcakes &#8211; kleine B\u00e4cker, kleine Kuchen<\/em><\/strong><br \/>\nIn diesem Workshop haben die Kinder die M\u00f6glichkeit sowohl Minimuffins als auch Cupcakes nach Herzenslust zu gestalten. Nat\u00fcrlich darf alles Produziertes mit nach Hause genommen werden.<br \/>\n&#8211; Dauer: ca. 3 Stunden<br \/>\n&#8211; Preis: \u20ac 25 pP (inkl. Getr\u00e4nke)<\/p>\n<p><strong><em>Halloweenbacken &#8211; Trick or Treat, be so sweet, give me something nice to eat!<br \/>\n&#8211;&gt; 30.10.2022\u00a0<\/em><\/strong><br \/>\nIn diesem Workshop wird den Kindern spa\u00dfig die wahre Geschichte von Halloween erz\u00e4hlt. Dazu lernen sie was auf einer richtigen Halloween Party nicht fehlen darf. Es werden flei\u00dfig gruselige Desserts zubereitet die dann zu Hause verspeist werden d\u00fcrfen.<br \/>\n&#8211; Dauer: ca. 3 Stunden<br \/>\n&#8211; Preis \u20ac 25 pP (inkl. Getr\u00e4nke)<\/p>\n<p><strong><em>Weihnachtsb\u00e4ckerei<br \/>\n&#8211;&gt; 11.12.2022<\/em><\/strong><br \/>\nIn diesem Workshop wird neben fr\u00f6hlich stimmender Weihnachtsmusik flei\u00dfig Kekse und andere Leckereien gebacken, die nach herzenslust verziehrt und verpackt werden k\u00f6nnen.<br \/>\n&#8211; Dauer: ca. 3 Stunden<br \/>\n&#8211; Preis \u20ac 25 pP (inkl. Getr\u00e4nke)<\/p>\n<p>&nbsp;<\/p>\n<p><span style=\"text-decoration: underline;\">Folgender Workshop ist f\u00fcr Kinder ab 10 Jahre.<\/span><\/p>\n<p><em><strong>Mini Kuchen \u2013 kleine B\u00e4cker, kleine K\u00fcchlein<\/strong><\/em><br \/>\nIn diesem Workshop haben die Kinder die M\u00f6glichkeit ihre erste ganz eigene Motivtorte zu backen und gestalten. Sie lernen Tipps und Tricks vom \u00fcberziehen eines Kuchens bis hin zum dekorieren.<br \/>\nNat\u00fcrlich darf die Torte mit nach Hause genommen werden.<br \/>\n&#8211; Dauer: ca. 3 Stunden<br \/>\n&#8211; Preis: \u20ac 35 pP (inkl. Getr\u00e4nke)<\/p>\n<div class=\"fcbk_share\"><div class=\"fcbk_like\"><fb:like href=\"http:\/\/katiescakes.de\/?page_id=189\" layout=\"button_count\" width=\"450\" show_faces=\"false\" share=\"false\"><\/fb:like><\/div><\/div>","protected":false},"excerpt":{"rendered":"<p>Katie&#8217;s Cakes veranstaltet auf das jeweilige Alter abgestimmte Backkurse f\u00fcr Kinder von drei bis 15 Jahren. Ich bin staatlich anerkannte Erzieherin und habe viel Spa\u00df an der Arbeit mit Kindern. W\u00e4rend des Kurses wird bei fr\u00f6hlicher Musik ganz individuell in kleinen Gruppen gebacken und gestaltet. Die von den Kindern gebackenen Sachen d\u00fcrfen nat\u00fcrlich gerne mit [&hellip;]<\/p>\n","protected":false},"author":1,"featured_media":0,"parent":0,"menu_order":2,"comment_status":"open","ping_status":"open","template":"","meta":[],"_links":{"self":[{"href":"http:\/\/katiescakes.de\/index.php?rest_route=\/wp\/v2\/pages\/189"}],"collection":[{"href":"http:\/\/katiescakes.de\/index.php?rest_route=\/wp\/v2\/pages"}],"about":[{"href":"http:\/\/katiescakes.de\/index.php?rest_route=\/wp\/v2\/types\/page"}],"author":[{"embeddable":true,"href":"http:\/\/katiescakes.de\/index.php?rest_route=\/wp\/v2\/users\/1"}],"replies":[{"embeddable":true,"href":"http:\/\/katiescakes.de\/index.php?rest_route=%2Fwp%2Fv2%2Fcomments&post=189"}],"version-history":[{"count":27,"href":"http:\/\/katiescakes.de\/index.php?rest_route=\/wp\/v2\/pages\/189\/revisions"}],"predecessor-version":[{"id":1039,"href":"http:\/\/katiescakes.de\/index.php?rest_route=\/wp\/v2\/pages\/189\/revisions\/1039"}],"wp:attachment":[{"href":"http:\/\/katiescakes.de\/index.php?rest_route=%2Fwp%2Fv2%2Fmedia&parent=189"}],"curies":[{"name":"wp","href":"https:\/\/api.w.org\/{rel}","templated":true}]}}